{"id":8516,"date":"2018-11-30T06:49:24","date_gmt":"2018-11-30T06:49:24","guid":{"rendered":"http:\/\/localhost\/projects\/solar\/?page_id=8516"},"modified":"2022-12-06T11:09:09","modified_gmt":"2022-12-06T10:09:09","slug":"o-nama","status":"publish","type":"page","link":"https:\/\/dentaloffice.ba\/en\/o-nama\/","title":{"rendered":"About us"},"content":{"rendered":"<p>[vc_row thsn-bg-color=&#8221;white&#8221; content_placement=&#8221;middle&#8221;][vc_column width=&#8221;1\/2&#8243; css=&#8221;.vc_custom_1565181653979{padding-right: 70px !important;}&#8221; thsn-responsive-css=&#8221;95415368|colbreak_no|||||||||colbreak_no|||||||||colbreak_no||||||15||||colbreak_no|||||||||&#8221;][vc_column_text]Our commitment is to provide the patient with the best possible care<\/p>\n<p>Dental Office is a modern dental office whose team of experts, led by Dr. Mersih Avdi\u0107-Sara\u010devi\u0107, with its innovative and interdisciplinary approach, offers top treatments in the fields of periodontology, implantology, endodontics, prosthetics, restorative and esthetic dentistry, with a special emphasis on a healthy and beautiful smile .<\/p>\n<p>Our commitment is to provide the patient with the best possible care that today&#8217;s dentistry knows.<\/p>\n<p>Professional training, a specialist approach, the highest quality materials, modern equipment and X-ray diagnostics will make your visit to the Dental Office pleasant, safe and painless. Your contact with the world begins with your smile. Make it healthy and long lasting. Visit the Dental Office.[\/vc_column_text][vc_btn title=&#8221;CALL US!&#8221; size=&#8221;sm&#8221; link=&#8221;url:tel%3A%2B38733666615|||&#8221;][\/vc_column][vc_column width=&#8221;1\/2&#8243; css=&#8221;.vc_custom_1565181581965{padding-left: 63px !important;}&#8221; thsn-responsive-css=&#8221;59569854|colbreak_no|||||||||colbreak_no|||||||||colbreak_no|40|||||||15||colbreak_no|||||||||&#8221;]<div  class=\"thsn-single-image-w thsn-single-hover-yes thsn-video-image-style-1 thsn-small-text-pos-bottom\"><img loading=\"lazy\" decoding=\"async\" width=\"1200\" height=\"1000\" src=\"https:\/\/dentaloffice.ba\/wp-content\/uploads\/2021\/03\/Dental-office-ordinacija.jpg\" class=\"thsn_vc_single_image-img attachment-full\" alt=\"\" srcset=\"https:\/\/dentaloffice.ba\/wp-content\/uploads\/2021\/03\/Dental-office-ordinacija.jpg 1200w, https:\/\/dentaloffice.ba\/wp-content\/uploads\/2021\/03\/Dental-office-ordinacija-300x250.jpg 300w, https:\/\/dentaloffice.ba\/wp-content\/uploads\/2021\/03\/Dental-office-ordinacija-1024x853.jpg 1024w, https:\/\/dentaloffice.ba\/wp-content\/uploads\/2021\/03\/Dental-office-ordinacija-768x640.jpg 768w, https:\/\/dentaloffice.ba\/wp-content\/uploads\/2021\/03\/Dental-office-ordinacija-770x642.jpg 770w, https:\/\/dentaloffice.ba\/wp-content\/uploads\/2021\/03\/Dental-office-ordinacija-720x600.jpg 720w, https:\/\/dentaloffice.ba\/wp-content\/uploads\/2021\/03\/Dental-office-ordinacija-600x500.jpg 600w\" sizes=\"auto, (max-width: 1200px) 100vw, 1200px\" data-id=\"12566\" \/><div class=\"thsn-overlay\">[vc_icon icon_fontawesome=\"fa fa-play\" icon_thsn_dentiq_icon=\"thsn-dentiq-icon thsn-dentiq-icon-light\" icon_sgicon=\"sgicon sgicon-WorldWide\" icon_linecons=\"vc_li vc_li-heart\" icon_monosocial=\"vc-mono vc-mono-fivehundredpx\" link=\"url:https%3A%2F%2Fwww.youtube.com%2Fwatch%3Fv%3DkTWmf1TK7oI|||\" el_class=\"thsn-lightbox thsn-lightbox-video\"]<\/div><a href=\"https:\/\/www.youtube.com\/watch?v=kTWmf1TK7oI\" class=\"thsn-lightbox thsn-lightbox-video\"><span class=\"themesion-hide\">Click Here<\/span><\/a><\/div>[\/vc_column][\/vc_row][vc_row thsn-zindex=&#8221;1&#8243; full_width=&#8221;stretch_row&#8221; css=&#8221;.vc_custom_1619451650316{padding-top: 100px !important;padding-bottom: 90px !important;background-image: url(https:\/\/dentaloffice.ba\/wp-content\/uploads\/2021\/03\/Dental-office-04.jpg?id=12636) !important;background-position: center !important;background-repeat: no-repeat !important;background-size: cover !important;}&#8221; thsn-responsive-css=&#8221;59809884|colbreak_no|||||||||colbreak_yes|||||||||colbreak_no||||||||||colbreak_no|||||||||&#8221;][vc_column width=&#8221;1\/2&#8243;][\/vc_column][vc_column width=&#8221;1\/2&#8243; css=&#8221;.vc_custom_1563269191346{padding-left: 60px !important;}&#8221;]<div  class=\"themesion-element themesion-element-testimonial thsn-element-testimonial-style-1 themesion-element-viewtype-carousel thsn-sortable-no\" data-show=\"3\" data-columns=\"1\" data-loop=\"false\" data-autoplay=\"false\" data-center=\"false\" data-nav=\"false\" data-dots=\"true\" data-autoplayspeed=\"1000\" data-margin=\"\"><div class=\"themesion-element-inner\"><div class=\"thsn-element-posts-wrapper row multi-columns-row\"><div class=\"thsn-ele thsn-testimonial-ele col-md-12 \"><article class=\"themesion-ele themesion-ele-testimonial thsn-testimonial-style-1 thsn-testimonial-active\"><div class=\"themesion-post-item\">\n\t<div class=\"themesion-box-content\">\t\t    \n\t\t<div class=\"themesion-box-desc\">\n\t\t\t<blockquote class=\"themesion-testimonial-text\"><p>&#8220;I came for the first time with the onset of periodontosis, a serious disease as I was informed. The doctor&#8217;s approach is very systematic, very responsible, thorough and gradual. I remain a patient of this practice.&#8221;<\/p>\n<\/blockquote>\n\t\t<\/div>\t\n\t\t<div class=\"themesion-box-star-ratings\"><i class=\"thsn-base-icon-star thsn-active\"><\/i><i class=\"thsn-base-icon-star thsn-active\"><\/i><i class=\"thsn-base-icon-star thsn-active\"><\/i><i class=\"thsn-base-icon-star thsn-active\"><\/i><i class=\"thsn-base-icon-star thsn-active\"><\/i><\/div>\t\n\t\t<div class=\"d-flex\">\n\t\t\t<div class=\"themesion-box-img\"><div class=\"thsn-featured-wrapper\"><a href=\"https:\/\/dentaloffice.ba\/en\/testimonial\/richard-scott\/\"><img loading=\"lazy\" decoding=\"async\" width=\"150\" height=\"150\" src=\"https:\/\/dentaloffice.ba\/wp-content\/uploads\/2018\/02\/Samir-150x150.jpg\" class=\"attachment-thumbnail size-thumbnail wp-post-image\" alt=\"\" srcset=\"https:\/\/dentaloffice.ba\/wp-content\/uploads\/2018\/02\/Samir.jpg 150w, https:\/\/dentaloffice.ba\/wp-content\/uploads\/2018\/02\/Samir-100x100.jpg 100w\" sizes=\"auto, (max-width: 150px) 100vw, 150px\" data-id=\"12631\" \/><\/a><\/div><\/div>\t\t\t\n\t\t<div class=\"themesion-box-author\">\n\t\t\t<h3 class=\"themesion-box-title\">Samir<\/h3>\t\t\t\n\t\t\t<span class=\"thsn-designation\">Parodontologija<\/span>\t\t<\/div>\n\t\t<\/div>\n\t<\/div>\t\n<\/div><\/article><\/div><div class=\"thsn-ele thsn-testimonial-ele col-md-12 \"><article class=\"themesion-ele themesion-ele-testimonial thsn-testimonial-style-1\"><div class=\"themesion-post-item\">\n\t<div class=\"themesion-box-content\">\t\t    \n\t\t<div class=\"themesion-box-desc\">\n\t\t\t<blockquote class=\"themesion-testimonial-text\"><p>&#8220;Modern dental practice, friendly and professional staff led by Dr. Mersiha. Sometimes in life it&#8217;s good to show your teeth:).&#8221;<\/p>\n<\/blockquote>\n\t\t<\/div>\t\n\t\t<div class=\"themesion-box-star-ratings\"><i class=\"thsn-base-icon-star thsn-active\"><\/i><i class=\"thsn-base-icon-star thsn-active\"><\/i><i class=\"thsn-base-icon-star thsn-active\"><\/i><i class=\"thsn-base-icon-star thsn-active\"><\/i><i class=\"thsn-base-icon-star thsn-active\"><\/i><\/div>\t\n\t\t<div class=\"d-flex\">\n\t\t\t<div class=\"themesion-box-img\"><div class=\"thsn-featured-wrapper\"><a href=\"https:\/\/dentaloffice.ba\/en\/testimonial\/jennifer-smith\/\"><img loading=\"lazy\" decoding=\"async\" width=\"150\" height=\"150\" src=\"https:\/\/dentaloffice.ba\/wp-content\/uploads\/2018\/02\/Zenit-Djozic-150x150.jpg\" class=\"attachment-thumbnail size-thumbnail wp-post-image\" alt=\"\" srcset=\"https:\/\/dentaloffice.ba\/wp-content\/uploads\/2018\/02\/Zenit-Djozic.jpg 150w, https:\/\/dentaloffice.ba\/wp-content\/uploads\/2018\/02\/Zenit-Djozic-100x100.jpg 100w\" sizes=\"auto, (max-width: 150px) 100vw, 150px\" data-id=\"12618\" \/><\/a><\/div><\/div>\t\t\t\n\t\t<div class=\"themesion-box-author\">\n\t\t\t<h3 class=\"themesion-box-title\">Zenit<\/h3>\t\t\t\n\t\t\t<span class=\"thsn-designation\">Estetske korekcije<\/span>\t\t<\/div>\n\t\t<\/div>\n\t<\/div>\t\n<\/div><\/article><\/div><div class=\"thsn-ele thsn-testimonial-ele col-md-12 \"><article class=\"themesion-ele themesion-ele-testimonial thsn-testimonial-style-1\"><div class=\"themesion-post-item\">\n\t<div class=\"themesion-box-content\">\t\t    \n\t\t<div class=\"themesion-box-desc\">\n\t\t\t<blockquote class=\"themesion-testimonial-text\"><p>&#8220;The doctor&#8217;s work is never painful, even when she administers anesthesia. My teeth look so much better, and I feel so much better when I come here.\u201d<\/p>\n<\/blockquote>\n\t\t<\/div>\t\n\t\t<div class=\"themesion-box-star-ratings\"><i class=\"thsn-base-icon-star thsn-active\"><\/i><i class=\"thsn-base-icon-star thsn-active\"><\/i><i class=\"thsn-base-icon-star thsn-active\"><\/i><i class=\"thsn-base-icon-star thsn-active\"><\/i><i class=\"thsn-base-icon-star thsn-active\"><\/i><\/div>\t\n\t\t<div class=\"d-flex\">\n\t\t\t<div class=\"themesion-box-img\"><div class=\"thsn-featured-wrapper\"><a href=\"https:\/\/dentaloffice.ba\/en\/testimonial\/paul-hill\/\"><img loading=\"lazy\" decoding=\"async\" width=\"150\" height=\"150\" src=\"https:\/\/dentaloffice.ba\/wp-content\/uploads\/2018\/02\/Zoey-california-150x150.jpg\" class=\"attachment-thumbnail size-thumbnail wp-post-image\" alt=\"\" srcset=\"https:\/\/dentaloffice.ba\/wp-content\/uploads\/2018\/02\/Zoey-california-150x150.jpg 150w, https:\/\/dentaloffice.ba\/wp-content\/uploads\/2018\/02\/Zoey-california-300x300.jpg 300w, https:\/\/dentaloffice.ba\/wp-content\/uploads\/2018\/02\/Zoey-california-100x100.jpg 100w\" sizes=\"auto, (max-width: 150px) 100vw, 150px\" data-id=\"12633\" \/><\/a><\/div><\/div>\t\t\t\n\t\t<div class=\"themesion-box-author\">\n\t\t\t<h3 class=\"themesion-box-title\">Zoey (California)<\/h3>\t\t\t\n\t\t\t<span class=\"thsn-designation\">Parodontologija<\/span>\t\t<\/div>\n\t\t<\/div>\n\t<\/div>\t\n<\/div><\/article><\/div><\/div><\/div><!-- .themesion-element-inner -->   <\/div><!-- .themesion-element -->  [\/vc_column][\/vc_row][vc_row thsn-bg-color=&#8221;light&#8221; thsn-bg-image-color-order=&#8221;image-over-color&#8221; full_width=&#8221;stretch_row&#8221; css=&#8221;.vc_custom_1563426749280{padding-bottom: 0px !important;background-image: url(http:\/\/dentiq-demo.themesion.com\/datasite\/wp-content\/uploads\/sites\/6\/2019\/07\/pattern-1.png?id=11062) !important;background-position: 0 0 !important;background-repeat: repeat !important;}&#8221;][vc_column]<div  class=\"themesion-element themesion-element-team thsn-element-team-style-1 themesion-element-viewtype-row-column thsn-sortable-no\" data-show=\"4\" data-columns=\"4\" data-loop=\"false\" data-autoplay=\"false\" data-center=\"false\" data-nav=\"false\" data-dots=\"false\" data-autoplayspeed=\"1000\" data-margin=\"\"><div class=\"themesion-element-inner\"><div class=\"thsn-team-ele-heading\"><\/div><div class=\"thsn-element-posts-wrapper row multi-columns-row\"><div class=\"thsn-ele thsn-team-ele col-md-6 col-lg-3 \"><article class=\"themesion-ele themesion-ele-team thsn-team-style-1\">\n\t<div class=\"themesion-post-item\">\n\t\t<div class=\"themesion-team-image-box\">\n\t\t\t<div class=\"thsn-featured-wrapper\"><a href=\"https:\/\/dentaloffice.ba\/en\/team-member\/mr-sci-dr-mersiha-avdic-saracevic-2\/\"><img loading=\"lazy\" decoding=\"async\" width=\"500\" height=\"580\" src=\"https:\/\/dentaloffice.ba\/wp-content\/uploads\/2018\/12\/Mersiha-Avdic-Saracevic01-500x580.jpg\" class=\"attachment-thsn-img-500x580 size-thsn-img-500x580 wp-post-image\" alt=\"Dr Mersiha Avdic Aaracevic\" data-id=\"13229\" \/><\/a><\/div>\t\t<\/div>\n\t\t<div class=\"themesion-box-content\">\n\t\t\t<div class=\"themesion-box-content-inner\">\t\t\t\t\n\t\t\t\t<div class=\"themesion-box-team-position\">\n\t\t\t\t\t\t\t<div class=\"themesion-box-team-position\">Specijalista Parodontolog i Implantolog<\/div>\n\t\t\t\t\t\t<\/div>\n\t\t\t\t<h3 class=\"thsn-team-title\"><a href=\"https:\/\/dentaloffice.ba\/en\/team-member\/mr-sci-dr-mersiha-avdic-saracevic-2\/\">Mr.sci.dr. Mersiha Avdi\u0107 Sara\u010devi\u0107<\/a><\/h3>\n\t\t\t<\/div>\n\t\t\t<div class=\"themesion-box-social-links\"><ul class=\"thsn-social-links thsn-team-social-links\"><li class=\"thsn-social-li thsn-social-facebook\"><a href=\"https:\/\/www.facebook.com\/DentalOfficeSarajevo\/\" title=\"Facebook\" target=\"_blank\"><span><i class=\"thsn-base-icon-facebook-squared\"><\/i><\/span><\/a><\/li><\/ul><\/div>\n\t\t<\/div>\n\t<\/div>\n<\/article><\/div><div class=\"thsn-ele thsn-team-ele col-md-6 col-lg-3 \"><article class=\"themesion-ele themesion-ele-team thsn-team-style-1\">\n\t<div class=\"themesion-post-item\">\n\t\t<div class=\"themesion-team-image-box\">\n\t\t\t<div class=\"thsn-featured-wrapper\"><a href=\"https:\/\/dentaloffice.ba\/en\/team-member\/dr-naida-cuk-samokovlic\/\"><img loading=\"lazy\" decoding=\"async\" width=\"500\" height=\"580\" src=\"https:\/\/dentaloffice.ba\/wp-content\/uploads\/2018\/11\/Naida-Cuk01-500x580.jpg\" class=\"attachment-thsn-img-500x580 size-thsn-img-500x580 wp-post-image\" alt=\"Dr Naida Cuk\" data-id=\"13230\" \/><\/a><\/div>\t\t<\/div>\n\t\t<div class=\"themesion-box-content\">\n\t\t\t<div class=\"themesion-box-content-inner\">\t\t\t\t\n\t\t\t\t<div class=\"themesion-box-team-position\">\n\t\t\t\t\t\t\t<div class=\"themesion-box-team-position\">Doktor stomatologije<\/div>\n\t\t\t\t\t\t<\/div>\n\t\t\t\t<h3 class=\"thsn-team-title\"><a href=\"https:\/\/dentaloffice.ba\/en\/team-member\/dr-naida-cuk-samokovlic\/\">Dr. Naida \u0106uk Samokovli\u0107<\/a><\/h3>\n\t\t\t<\/div>\n\t\t\t<div class=\"themesion-box-social-links\"><ul class=\"thsn-social-links thsn-team-social-links\"><li class=\"thsn-social-li thsn-social-facebook\"><a href=\"https:\/\/www.facebook.com\/DentalOfficeSarajevo\/\" title=\"Facebook\" target=\"_blank\"><span><i class=\"thsn-base-icon-facebook-squared\"><\/i><\/span><\/a><\/li><\/ul><\/div>\n\t\t<\/div>\n\t<\/div>\n<\/article><\/div><div class=\"thsn-ele thsn-team-ele col-md-6 col-lg-3 \"><article class=\"themesion-ele themesion-ele-team thsn-team-style-1\">\n\t<div class=\"themesion-post-item\">\n\t\t<div class=\"themesion-team-image-box\">\n\t\t\t<div class=\"thsn-featured-wrapper\"><a href=\"https:\/\/dentaloffice.ba\/en\/team-member\/dr-sci-selma-zukic-2\/\"><img loading=\"lazy\" decoding=\"async\" width=\"500\" height=\"580\" src=\"https:\/\/dentaloffice.ba\/wp-content\/uploads\/2018\/12\/Dr-Selma-Zukic-500x580.jpg\" class=\"attachment-thsn-img-500x580 size-thsn-img-500x580 wp-post-image\" alt=\"Dr Selma Zukic\" data-id=\"12544\" \/><\/a><\/div>\t\t<\/div>\n\t\t<div class=\"themesion-box-content\">\n\t\t\t<div class=\"themesion-box-content-inner\">\t\t\t\t\n\t\t\t\t<div class=\"themesion-box-team-position\">\n\t\t\t\t\t\t\t<div class=\"themesion-box-team-position\">Specijalista bolesti zuba i endodoncije<\/div>\n\t\t\t\t\t\t<\/div>\n\t\t\t\t<h3 class=\"thsn-team-title\"><a href=\"https:\/\/dentaloffice.ba\/en\/team-member\/dr-sci-selma-zukic-2\/\">Dr.sci. Selma Zuki\u0107<\/a><\/h3>\n\t\t\t<\/div>\n\t\t\t<div class=\"themesion-box-social-links\"><ul class=\"thsn-social-links thsn-team-social-links\"><li class=\"thsn-social-li thsn-social-facebook\"><a href=\"https:\/\/www.facebook.com\/DentalOfficeSarajevo\/\" title=\"Facebook\" target=\"_blank\"><span><i class=\"thsn-base-icon-facebook-squared\"><\/i><\/span><\/a><\/li><\/ul><\/div>\n\t\t<\/div>\n\t<\/div>\n<\/article><\/div><div class=\"thsn-ele thsn-team-ele col-md-6 col-lg-3 \"><article class=\"themesion-ele themesion-ele-team thsn-team-style-1\">\n\t<div class=\"themesion-post-item\">\n\t\t<div class=\"themesion-team-image-box\">\n\t\t\t<div class=\"thsn-featured-wrapper\"><a href=\"https:\/\/dentaloffice.ba\/en\/team-member\/mr-sci-oec-vedad-saracevic-2\/\"><img loading=\"lazy\" decoding=\"async\" width=\"500\" height=\"580\" src=\"https:\/\/dentaloffice.ba\/wp-content\/uploads\/2018\/07\/vedad-saracevic-500x580.jpg\" class=\"attachment-thsn-img-500x580 size-thsn-img-500x580 wp-post-image\" alt=\"Vedad Sara\u010devi\u0107\" data-id=\"12547\" \/><\/a><\/div>\t\t<\/div>\n\t\t<div class=\"themesion-box-content\">\n\t\t\t<div class=\"themesion-box-content-inner\">\t\t\t\t\n\t\t\t\t<div class=\"themesion-box-team-position\">\n\t\t\t\t\t\t\t<div class=\"themesion-box-team-position\">Head Office Manager<\/div>\n\t\t\t\t\t\t<\/div>\n\t\t\t\t<h3 class=\"thsn-team-title\"><a href=\"https:\/\/dentaloffice.ba\/en\/team-member\/mr-sci-oec-vedad-saracevic-2\/\">Mr.sci.oec Vedad Sara\u010devi\u0107<\/a><\/h3>\n\t\t\t<\/div>\n\t\t\t<div class=\"themesion-box-social-links\"><ul class=\"thsn-social-links thsn-team-social-links\"><li class=\"thsn-social-li thsn-social-facebook\"><a href=\"https:\/\/www.facebook.com\/DentalOfficeSarajevo\/\" title=\"Facebook\" target=\"_blank\"><span><i class=\"thsn-base-icon-facebook-squared\"><\/i><\/span><\/a><\/li><\/ul><\/div>\n\t\t<\/div>\n\t<\/div>\n<\/article><\/div><\/div><\/div><!-- .themesion-element-inner -->   <\/div><!-- .themesion-element -->  [\/vc_column][\/vc_row][vc_row][vc_column][\/vc_column][\/vc_row]<\/p>\n","protected":false},"excerpt":{"rendered":"<p>[vc_row thsn-bg-color=&#8221;white&#8221; content_placement=&#8221;middle&#8221;][vc_column width=&#8221;1\/2&#8243; css=&#8221;.vc_custom_1565181653979{padding-right: 70px !important;}&#8221; thsn-responsive-css=&#8221;95415368|colbreak_no|||||||||colbreak_no|||||||||colbreak_no||||||15||||colbreak_no|||||||||&#8221;][vc_column_text]Our commitment is to provide the patient with the best possible care Dental Office is a modern dental office whose team of experts, led by Dr. Mersih Avdi\u0107-Sara\u010devi\u0107, with its innovative and interdisciplinary approach, offers top treatments in the fields of periodontology, implantology, endodontics, prosthetics, restorative and esthetic [&hellip;]<\/p>\n","protected":false},"author":1,"featured_media":12331,"parent":0,"menu_order":4,"comment_status":"closed","ping_status":"closed","template":"","meta":{"_acf_changed":false,"footnotes":""},"class_list":["post-8516","page","type-page","status-publish","has-post-thumbnail","hentry"],"translation":{"provider":"WPGlobus","version":"3.0.2","language":"en","enabled_languages":["ba","en"],"languages":{"ba":{"title":true,"content":true,"excerpt":true},"en":{"title":true,"content":true,"excerpt":true}}},"acf":[],"yoast_head":"<!-- This site is optimized with the Yoast SEO plugin v27.3 - https:\/\/yoast.com\/product\/yoast-seo-wordpress\/ -->\n<title>About us - Dental Office<\/title>\n<meta name=\"robots\" content=\"index, follow, max-snippet:-1, max-image-preview:large, max-video-preview:-1\" \/>\n<link rel=\"canonical\" href=\"https:\/\/dentaloffice.ba\/o-nama\/\" \/>\n<meta property=\"og:locale\" content=\"en_US\" \/>\n<meta property=\"og:type\" content=\"article\" \/>\n<meta property=\"og:title\" content=\"About us - Dental Office\" \/>\n<meta property=\"og:url\" content=\"https:\/\/dentaloffice.ba\/o-nama\/\" \/>\n<meta property=\"og:site_name\" content=\"Dental Office\" \/>\n<meta property=\"article:modified_time\" content=\"2022-12-06T10:09:09+00:00\" \/>\n<meta property=\"og:image\" content=\"https:\/\/dentaloffice.ba\/wp-content\/uploads\/2021\/02\/dentaloffice091.jpg\" \/>\n\t<meta property=\"og:image:width\" content=\"600\" \/>\n\t<meta property=\"og:image:height\" content=\"405\" \/>\n\t<meta property=\"og:image:type\" content=\"image\/jpeg\" \/>\n<meta name=\"twitter:card\" content=\"summary_large_image\" \/>\n<meta name=\"twitter:label1\" content=\"Est. reading time\" \/>\n\t<meta name=\"twitter:data1\" content=\"1 minute\" \/>\n<script type=\"application\/ld+json\" class=\"yoast-schema-graph\">{\"@context\":\"https:\\\/\\\/schema.org\",\"@graph\":[{\"@type\":\"WebPage\",\"@id\":\"https:\\\/\\\/dentaloffice.ba\\\/o-nama\\\/\",\"url\":\"https:\\\/\\\/dentaloffice.ba\\\/o-nama\\\/\",\"name\":\"About us - Dental Office\",\"isPartOf\":{\"@id\":\"https:\\\/\\\/dentaloffice.ba\\\/#website\"},\"primaryImageOfPage\":{\"@id\":\"https:\\\/\\\/dentaloffice.ba\\\/o-nama\\\/#primaryimage\"},\"image\":{\"@id\":\"https:\\\/\\\/dentaloffice.ba\\\/o-nama\\\/#primaryimage\"},\"thumbnailUrl\":\"https:\\\/\\\/dentaloffice.ba\\\/wp-content\\\/uploads\\\/2021\\\/02\\\/dentaloffice091.jpg\",\"datePublished\":\"2018-11-30T06:49:24+00:00\",\"dateModified\":\"2022-12-06T10:09:09+00:00\",\"description\":\"About us -\",\"breadcrumb\":{\"@id\":\"https:\\\/\\\/dentaloffice.ba\\\/o-nama\\\/#breadcrumb\"},\"inLanguage\":\"en-US\",\"potentialAction\":[{\"@type\":\"ReadAction\",\"target\":[\"https:\\\/\\\/dentaloffice.ba\\\/o-nama\\\/\"]}]},{\"@type\":\"ImageObject\",\"inLanguage\":\"en-US\",\"@id\":\"https:\\\/\\\/dentaloffice.ba\\\/o-nama\\\/#primaryimage\",\"url\":\"https:\\\/\\\/dentaloffice.ba\\\/wp-content\\\/uploads\\\/2021\\\/02\\\/dentaloffice091.jpg\",\"contentUrl\":\"https:\\\/\\\/dentaloffice.ba\\\/wp-content\\\/uploads\\\/2021\\\/02\\\/dentaloffice091.jpg\",\"width\":600,\"height\":405},{\"@type\":\"BreadcrumbList\",\"@id\":\"https:\\\/\\\/dentaloffice.ba\\\/o-nama\\\/#breadcrumb\",\"itemListElement\":[{\"@type\":\"ListItem\",\"position\":1,\"name\":\"Po\u010detna\",\"item\":\"https:\\\/\\\/dentaloffice.ba\\\/\"},{\"@type\":\"ListItem\",\"position\":2,\"name\":\"About us\"}]},{\"@type\":\"WebSite\",\"@id\":\"https:\\\/\\\/dentaloffice.ba\\\/#website\",\"url\":\"https:\\\/\\\/dentaloffice.ba\\\/\",\"name\":\"Dental Office\",\"description\":\"Stomatolo\u0161ka ordinacija &quot;Dental Office&quot;\",\"publisher\":{\"@id\":\"https:\\\/\\\/dentaloffice.ba\\\/#organization\"},\"potentialAction\":[{\"@type\":\"SearchAction\",\"target\":{\"@type\":\"EntryPoint\",\"urlTemplate\":\"https:\\\/\\\/dentaloffice.ba\\\/?s={search_term_string}\"},\"query-input\":{\"@type\":\"PropertyValueSpecification\",\"valueRequired\":true,\"valueName\":\"search_term_string\"}}],\"inLanguage\":\"en-US\"},{\"@type\":\"Organization\",\"@id\":\"https:\\\/\\\/dentaloffice.ba\\\/#organization\",\"name\":\"Dental Office\",\"url\":\"https:\\\/\\\/dentaloffice.ba\\\/\",\"logo\":{\"@type\":\"ImageObject\",\"inLanguage\":\"en-US\",\"@id\":\"https:\\\/\\\/dentaloffice.ba\\\/#\\\/schema\\\/logo\\\/image\\\/\",\"url\":\"https:\\\/\\\/dentaloffice.ba\\\/wp-content\\\/uploads\\\/2021\\\/12\\\/background-dental-office.png\",\"contentUrl\":\"https:\\\/\\\/dentaloffice.ba\\\/wp-content\\\/uploads\\\/2021\\\/12\\\/background-dental-office.png\",\"width\":1200,\"height\":954,\"caption\":\"Dental Office\"},\"image\":{\"@id\":\"https:\\\/\\\/dentaloffice.ba\\\/#\\\/schema\\\/logo\\\/image\\\/\"}}]}<\/script>\n<!-- \/ Yoast SEO plugin. -->","yoast_head_json":{"title":"About us - Dental Office","robots":{"index":"index","follow":"follow","max-snippet":"max-snippet:-1","max-image-preview":"max-image-preview:large","max-video-preview":"max-video-preview:-1"},"canonical":"https:\/\/dentaloffice.ba\/o-nama\/","og_locale":"en_US","og_type":"article","og_title":"About us - Dental Office","og_url":"https:\/\/dentaloffice.ba\/o-nama\/","og_site_name":"Dental Office","article_modified_time":"2022-12-06T10:09:09+00:00","og_image":[{"width":600,"height":405,"url":"https:\/\/dentaloffice.ba\/wp-content\/uploads\/2021\/02\/dentaloffice091.jpg","type":"image\/jpeg"}],"twitter_card":"summary_large_image","twitter_misc":{"Est. reading time":"1 minute"},"schema":{"@context":"https:\/\/schema.org","@graph":[{"@type":"WebPage","@id":"https:\/\/dentaloffice.ba\/o-nama\/","url":"https:\/\/dentaloffice.ba\/o-nama\/","name":"About us - Dental Office","isPartOf":{"@id":"https:\/\/dentaloffice.ba\/#website"},"primaryImageOfPage":{"@id":"https:\/\/dentaloffice.ba\/o-nama\/#primaryimage"},"image":{"@id":"https:\/\/dentaloffice.ba\/o-nama\/#primaryimage"},"thumbnailUrl":"https:\/\/dentaloffice.ba\/wp-content\/uploads\/2021\/02\/dentaloffice091.jpg","datePublished":"2018-11-30T06:49:24+00:00","dateModified":"2022-12-06T10:09:09+00:00","description":"About us -","breadcrumb":{"@id":"https:\/\/dentaloffice.ba\/o-nama\/#breadcrumb"},"inLanguage":"en-US","potentialAction":[{"@type":"ReadAction","target":["https:\/\/dentaloffice.ba\/o-nama\/"]}]},{"@type":"ImageObject","inLanguage":"en-US","@id":"https:\/\/dentaloffice.ba\/o-nama\/#primaryimage","url":"https:\/\/dentaloffice.ba\/wp-content\/uploads\/2021\/02\/dentaloffice091.jpg","contentUrl":"https:\/\/dentaloffice.ba\/wp-content\/uploads\/2021\/02\/dentaloffice091.jpg","width":600,"height":405},{"@type":"BreadcrumbList","@id":"https:\/\/dentaloffice.ba\/o-nama\/#breadcrumb","itemListElement":[{"@type":"ListItem","position":1,"name":"Po\u010detna","item":"https:\/\/dentaloffice.ba\/"},{"@type":"ListItem","position":2,"name":"About us"}]},{"@type":"WebSite","@id":"https:\/\/dentaloffice.ba\/#website","url":"https:\/\/dentaloffice.ba\/","name":"Dental Office","description":"Stomatolo\u0161ka ordinacija &quot;Dental Office&quot;","publisher":{"@id":"https:\/\/dentaloffice.ba\/#organization"},"potentialAction":[{"@type":"SearchAction","target":{"@type":"EntryPoint","urlTemplate":"https:\/\/dentaloffice.ba\/?s={search_term_string}"},"query-input":{"@type":"PropertyValueSpecification","valueRequired":true,"valueName":"search_term_string"}}],"inLanguage":"en-US"},{"@type":"Organization","@id":"https:\/\/dentaloffice.ba\/#organization","name":"Dental Office","url":"https:\/\/dentaloffice.ba\/","logo":{"@type":"ImageObject","inLanguage":"en-US","@id":"https:\/\/dentaloffice.ba\/#\/schema\/logo\/image\/","url":"https:\/\/dentaloffice.ba\/wp-content\/uploads\/2021\/12\/background-dental-office.png","contentUrl":"https:\/\/dentaloffice.ba\/wp-content\/uploads\/2021\/12\/background-dental-office.png","width":1200,"height":954,"caption":"Dental Office"},"image":{"@id":"https:\/\/dentaloffice.ba\/#\/schema\/logo\/image\/"}}]}},"_links":{"self":[{"href":"https:\/\/dentaloffice.ba\/en\/wp-json\/wp\/v2\/pages\/8516","targetHints":{"allow":["GET"]}}],"collection":[{"href":"https:\/\/dentaloffice.ba\/en\/wp-json\/wp\/v2\/pages"}],"about":[{"href":"https:\/\/dentaloffice.ba\/en\/wp-json\/wp\/v2\/types\/page"}],"author":[{"embeddable":true,"href":"https:\/\/dentaloffice.ba\/en\/wp-json\/wp\/v2\/users\/1"}],"replies":[{"embeddable":true,"href":"https:\/\/dentaloffice.ba\/en\/wp-json\/wp\/v2\/comments?post=8516"}],"version-history":[{"count":12,"href":"https:\/\/dentaloffice.ba\/en\/wp-json\/wp\/v2\/pages\/8516\/revisions"}],"predecessor-version":[{"id":13608,"href":"https:\/\/dentaloffice.ba\/en\/wp-json\/wp\/v2\/pages\/8516\/revisions\/13608"}],"wp:featuredmedia":[{"embeddable":true,"href":"https:\/\/dentaloffice.ba\/en\/wp-json\/wp\/v2\/media\/12331"}],"wp:attachment":[{"href":"https:\/\/dentaloffice.ba\/en\/wp-json\/wp\/v2\/media?parent=8516"}],"curies":[{"name":"wp","href":"https:\/\/api.w.org\/{rel}","templated":true}]}}